{"id":1115,"date":"2016-11-17T08:29:32","date_gmt":"2016-11-17T07:29:32","guid":{"rendered":"http:\/\/www.bernardia.at\/?page_id=1115"},"modified":"2025-05-13T13:21:40","modified_gmt":"2025-05-13T12:21:40","slug":"willkommen","status":"publish","type":"page","link":"https:\/\/www.bernardia.at\/","title":{"rendered":"Willkommen"},"content":{"rendered":"\n<p class=\"has-text-align-center has-contrast-color has-text-color has-link-color wp-elements-fbb5542e83793f21db4be9047880cb6d\"><a href=\"https:\/\/www.bernardia.at\/?page_id=1206\" data-type=\"page\" data-id=\"1206\"><strong>&#8211;> Alle Informationen zum 90. Stiftungsfest<\/strong><\/a><\/p>\n\n\n<p><img loading=\"lazy\" decoding=\"async\" class=\"alignnone size-full wp-image-1133\" src=\"http:\/\/www.bernardia.at\/wp-content\/uploads\/2016\/11\/bes-header.jpg\" alt=\"bes-header\" width=\"848\" height=\"313\" srcset=\"https:\/\/www.bernardia.at\/wp-content\/uploads\/2016\/11\/bes-header.jpg 848w, https:\/\/www.bernardia.at\/wp-content\/uploads\/2016\/11\/bes-header-150x55.jpg 150w, https:\/\/www.bernardia.at\/wp-content\/uploads\/2016\/11\/bes-header-300x111.jpg 300w\" sizes=\"(max-width: 848px) 100vw, 848px\" \/><\/p>\n<p><strong>Herzlich Willkommen auf der Webseite der Katholischen \u00d6sterreichischen Mittelschulstudentenverbindung Bernardia Stams.\u00a0<\/strong><\/p>\n<p>Bernardia ist eine partei- und gesellschaftspolitisch unabh\u00e4ngige Gymnasialverbindung mit Sitz am Gymnasium \u201aMeinhardinum\u2018 in Stams.<\/p>\n<p><strong>Zu unseren Inhalten:<\/strong><\/p>\n<ul>\n<li><a href=\"http:\/\/www.bernardia.at\/?page_id=2\">Wer sind wir?<\/a><\/li>\n<li><a href=\"http:\/\/www.bernardia.at\/?page_id=12\">Unsere Geschichte<\/a><\/li>\n<li><a href=\"http:\/\/www.bernardia.at\/?post_type=tribe_events\">Unsere aktuellen Veranstaltungen<\/a><\/li>\n<\/ul>\n<p><strong>Unsere kommenden Veranstaltungen:<\/strong><\/p>\n<p><iframe loading=\"lazy\" style=\"border-width: 0pt;\" src=\"https:\/\/www.google.com\/calendar\/embed?showCalendars=0&amp;mode=AGENDA&amp;height=350&amp;wkst=2&amp;hl=de&amp;bgcolor=%23ffffff&amp;src=7borgl9u8t2lueo9iqgo1j09g0%40group.calendar.google.com&amp;color=%23711616&amp;ctz=Europe%2FVienna\" width=\"600\" height=\"350\" frameborder=\"0\" scrolling=\"no\"><\/iframe><\/p>\n<p>Wenn Du \u00fcber aktuelle Informationen \u00fcber unsere Veranstaltungen und Aktivit\u00e4ten bekommen\u00a0m\u00f6chtest, kannst Du Dich gerne bei unserem Newsletter anmelden:<\/p>\n<!-- MailChimp for WordPress v2.3.14 - https:\/\/wordpress.org\/plugins\/mailchimp-for-wp\/ --><div id=\"mc4wp-form-1\" class=\"form mc4wp-form\"><form method=\"post\" ><p>\n\t<label>Email address: <\/label>\n\t<input type=\"email\" name=\"EMAIL\" placeholder=\"Your email address\" required \/>\n<\/p>\n\n<p>\n\t<input type=\"submit\" value=\"Sign up\" \/>\n<\/p><div style=\"position: absolute; left: -5000px;\"><input type=\"text\" name=\"_mc4wp_h_437e62ea60f186b24b470d9fb2405dfb\" value=\"\" tabindex=\"-1\" autocomplete=\"off\" \/><\/div><input type=\"hidden\" name=\"_mc4wp_timestamp\" value=\"1778583557\" \/><input type=\"hidden\" name=\"_mc4wp_form_id\" value=\"0\" \/><input type=\"hidden\" name=\"_mc4wp_form_element_id\" value=\"mc4wp-form-1\" \/><input type=\"hidden\" name=\"_mc4wp_form_submit\" value=\"1\" \/><input type=\"hidden\" name=\"_mc4wp_form_nonce\" value=\"544d411366\" \/><\/form><\/div><!-- \/ MailChimp for WordPress Plugin -->","protected":false},"excerpt":{"rendered":"<p>&#8211;> Alle Informationen zum 90. Stiftungsfest Herzlich Willkommen auf der Webseite der Katholischen \u00d6sterreichischen Mittelschulstudentenverbindung Bernardia Stams.\u00a0 Bernardia ist eine partei- und gesellschaftspolitisch unabh\u00e4ngige Gymnasialverbindung mit Sitz am Gymnasium \u201aMeinhardinum\u2018 [&hellip;]<\/p>\n","protected":false},"author":3,"featured_media":0,"parent":0,"menu_order":0,"comment_status":"closed","ping_status":"closed","template":"","meta":{"_EventAllDay":false,"_EventTimezone":"","_EventStartDate":"","_EventEndDate":"","_EventStartDateUTC":"","_EventEndDateUTC":"","_EventShowMap":false,"_EventShowMapLink":false,"_EventURL":"","_EventCost":"","_EventCostDescription":"","_EventCurrencySymbol":"","_EventCurrencyCode":"","_EventCurrencyPosition":"","_EventDateTimeSeparator":"","_EventTimeRangeSeparator":"","_EventOrganizerID":[],"_EventVenueID":[],"_OrganizerEmail":"","_OrganizerPhone":"","_OrganizerWebsite":"","_VenueAddress":"","_VenueCity":"","_VenueCountry":"","_VenueProvince":"","_VenueState":"","_VenueZip":"","_VenuePhone":"","_VenueURL":"","_VenueStateProvince":"","_VenueLat":"","_VenueLng":"","_VenueShowMap":false,"_VenueShowMapLink":false,"footnotes":""},"class_list":["post-1115","page","type-page","status-publish","hentry"],"_links":{"self":[{"href":"https:\/\/www.bernardia.at\/index.php?rest_route=\/wp\/v2\/pages\/1115"}],"collection":[{"href":"https:\/\/www.bernardia.at\/index.php?rest_route=\/wp\/v2\/pages"}],"about":[{"href":"https:\/\/www.bernardia.at\/index.php?rest_route=\/wp\/v2\/types\/page"}],"author":[{"embeddable":true,"href":"https:\/\/www.bernardia.at\/index.php?rest_route=\/wp\/v2\/users\/3"}],"replies":[{"embeddable":true,"href":"https:\/\/www.bernardia.at\/index.php?rest_route=%2Fwp%2Fv2%2Fcomments&post=1115"}],"version-history":[{"count":9,"href":"https:\/\/www.bernardia.at\/index.php?rest_route=\/wp\/v2\/pages\/1115\/revisions"}],"predecessor-version":[{"id":1222,"href":"https:\/\/www.bernardia.at\/index.php?rest_route=\/wp\/v2\/pages\/1115\/revisions\/1222"}],"wp:attachment":[{"href":"https:\/\/www.bernardia.at\/index.php?rest_route=%2Fwp%2Fv2%2Fmedia&parent=1115"}],"curies":[{"name":"wp","href":"https:\/\/api.w.org\/{rel}","templated":true}]}}