{"id":12,"date":"2007-08-07T17:59:43","date_gmt":"2007-08-07T15:59:43","guid":{"rendered":"http:\/\/bernardia.at\/?page_id=12"},"modified":"2014-09-25T15:27:22","modified_gmt":"2014-09-25T14:27:22","slug":"geschichte","status":"publish","type":"page","link":"https:\/\/www.bernardia.at\/?page_id=12","title":{"rendered":"Geschichte"},"content":{"rendered":"<p><strong>70 Jahre Bernardia Stams<\/strong><\/p>\n<p><em>(Dieser Text ist im <a href=\"?page_id=19\">Downloadbereich<\/a> auch als PDF verf\u00fcgbar.)<\/em><\/p>\n<p><strong>Der Anfang<\/strong><\/p>\n<p>Auf Einladung von OLGR Dr. Platzgummer, Notar Dr. Zangerle, Otto Burtscher, Ferdinand Walser und Herbert Dorner fand am 4. August 1935 im Gasthof \u201cSpeckbacher\u201d in Stams die Gr\u00fcndung einer Ferialverbindung f\u00fcr das Oberland statt.<\/p>\n<p>In einer zweiten Sitzung am 1. September wurde der Name \u201cBernardia\u201d angenommen. Die Farben wurden festgelegt und der Wahlspruch \u201cJederzeit f\u00fcr \u00d6sterreich!\u201d Als Jahresbeitrag wurden f\u00fcr im Beruf Stehende 5 Schilling, f\u00fcr Studierende 1 Schilling festgesetzt.<\/p>\n<p>Am 17. 11. 1935 wurde auf einer Festkneipe im Gasthof Stern in Silz das uns heute noch erhaltene gro\u00dfe Wappen der Verbindung enth\u00fcllt. Die Festansprache hielt Koop. Heinrich Fritz. Ihr Wortlaut ist uns w\u00f6rtlich \u00fcberliefert. Es waren vierzig Personen anwesend.<\/p>\n<p>Am 29. Dezember 1935 schlug Senior Burtscher den ersten Weihnachtskommers im Vereinshaus in Telfs. Unter den Anwesenden war Stadtpfarrer Anton Plattner aus Innsbruck und Vertreter von zehn Verbindungen. Die Festrede hielt der Prior des Stiftes Stams P. Dr. Konrad Lindner.<\/p>\n<p>Das 1. Stiftungsfest am 23. August 1936 begann mit einem Festgottesdienst in der Stiftskirche von Stams, gehalten von Hw. Herrn Abt Stephan Mariacher. Der Festkommers fand im Gasthof \u201cDrei Mohren\u201d in \u00d6tz statt. Das 2. Stiftungsfest fand am 29. August 1937 statt.<\/p>\n<p>Am 2. September fand der letzte BC in Silz statt, am Chargenconvent vom 13.11.1937 wurde der Weihnachtskommers auf den 26. Dezember 1937 festgelegt.<\/p>\n<p>Dann enden die Eintragungen.<\/p>\n<p><strong>Der Zweite Beginn<\/strong><\/p>\n<p>Bereits am 29. Juli 1945 trafen sich die Bernarden unter Senior Schr\u00f6tter zum ersten Male \u201c\u2026nach der Befreiung \u00d6sterreichs\u2026\u201d im Gasthof Post in Sitz. Die ersten neuen Mitglieder konnten rezipiert werden, unter ihnen German Gr\u00e4ssle und Eduard F\u00f6rg.<\/p>\n<p>Vom 10. Stiftungsfest am 30. Dezember 1945 ist nur \u00fcberliefert, dass es stattgefunden hat. H\u00f6hepunkt des Verbindungsprogrammes ist in den folgenden Jahren immer wieder das Stiftungsfest, wor\u00fcber uns genauere Aufzeichnungen erhalten sind.<\/p>\n<p>Besonders feierlich begangen wurde das 20. Stiftungsfest am 3. und 4. September 1955. Der Festkommers unter Senior Alois Wackerle fand im Vereinshaus in Telfs statt. Chargiert wurde in den Wichsen e.v. Vindelicia (\u00d6CV).<\/p>\n<p>Bei weitem nicht so glanzvoll verlief das 25. Stiftungsfest am 17. September 1960. Senior war wieder Alois Wackerle, die Festrede hielt auch diesmal Bbr. Dr. Auer. Zum Kommers im Gasthof \u201cHohe Munde\u201d in Telfs waren nur 25 Personen erschienen.<\/p>\n<p>Beim 30. Stiftungsfest am 5. September 1965 feierte Abt Eugen Fiderer in der Blutskapelle den Gottesdienst, der Kommers fand im Gasthof Stern in Sitz statt.<\/p>\n<p>Dann schien es allerdings rasch abw\u00e4rts zu gehen. Am 26. Dezember 1965 fand die Weihnachtskneipe in Telfs statt. Dann enden wieder einmal die Aufzeichnungen. Das 40. Stiftungsfest fand nicht statt.<\/p>\n<p><strong>Der Dritte Beginn<\/strong><\/p>\n<p>Die Idee, Bernardia zu reaktivieren, ging von Studierenden des Meinhardinums aus. Am 27. M\u00e4rz 1976 fand in Telfs im Gasthof \u201cHohe Munde\u201d eine Besprechung statt. Bernardia sollte in eine Vollverbindung mit Keilgebiet am Meinhardinum in Stams umgewandelt werden. Am 23. Oktober 1976 wurden die ersten f\u00fcnf Bernarden geburscht. Bis zum 10. Dezember war die Zahl der F\u00fcchse auf zehn angestiegen.<\/p>\n<p>Am 9. M\u00e4rz 1977 errichtete sich der Altherrenverband neu. Zum Philistersenior wurde DKfm. Eduard F\u00f6rg gew\u00e4hlt. Pfingsten 1977 wurde Bernardia auf dem Kartellrat in Pinkafeld probeweise in den MKV aufgenommen.<\/p>\n<p>Das erste Stiftungsfest der neuen Bernardia fand am 25. Juni 1977 statt. Der Hw. Herr Abt von Stams Dr. Bernhard Slovsa feierte mit den Bernarden den Gottesdienst in der Blutskapelle des Stiftes Stams. Zum Kommers im Gasthof \u201cStern\u201d in Silz waren mehr als 120 Personen erschienen. Der TMV hatte das Landeschargiertencorps aufgeboten. Unter den G\u00e4sten war der Hw. Abt von Stams und der Regens des Meinhardinums P. German.<\/p>\n<p>Am 2. Dezember 1977 trugen die Chargierten zum ersten Male die neuen Wichsen mit den leuchtend roten Fl\u00e4usen, die Abt Bernhard der Verbindung geschenkt hatte. Am 7. Dezember 1977 tauschte der Senior das erste Freundschaftsband, sinnvollerweise mit Raeto-Romania Landeck. Am 8. Dezember 1978 tauschten die Senioren der Bernardia und der Clunia Feldkirch das Freundschaftsband.<\/p>\n<p>Den H\u00f6hepunkt des Sommersemester 1978 bildete die Ehrenbandverleihung an den Hw. Herrn Abt des Stiftes Stams im Bernardisaal. In Abt Bernhard hatte die Verbindung ihren gro\u00dfen G\u00f6nner gefunden. Im Sommersemester 1979 \u00fcberreichte die Verbindung das Band an den Regens des Meinhardinums P. German Erd.<\/p>\n<p>Am 18. M\u00e4rz 1981 trafen sich Rofensteiner, Raeto-Romanen und Bernarden in Imst zur ersten Oberl\u00e4nderkneipe. In den n\u00e4chsten Jahren wurde dann vereinbart, dass diese Kneipe allj\u00e4hrlich am zweiten Freitag im November stattfinden sollte und abwechselnd eine der vier Verbindungen den Vorsitz f\u00fchren sollte.<\/p>\n<p>Das Schuljahr 1981\/82 begann mit dem Bezug der neuen Bude, die das Stift der Verbindung im Haus 81 (Stiftshof 5) unentgeltlich zur Verf\u00fcgung gestellt hat. Der Ausbau erfolgte zum Teil mit Mitteln der Verbindung, zum gro\u00dfen Teil durch die Gro\u00dfz\u00fcgigkeit von Abt Bernhard und Regens P. German durch das Stift.<\/p>\n<p>Im gleichen Herbst 1981 fand ein Altherrenabend der Bernardia in Telfs statt. Dort wurde ein Komitee zur Gr\u00fcndung einer Verbindung in Telfs eingesetzt. Am 13. J\u00e4nner 1982 wurde die Hertenberg Telfs unter ma\u00dfgebender Beteiligung der Bernarden gegr\u00fcndet.<\/p>\n<p>Das Schuljahr 1982\/83 sieht die Schule vor einer ge\u00e4nderten Situation, P. Augustin ist sowohl Direktor als auch Leiter des Internates. Es steht von Anfang an der Verbindung wohlwollend gegen\u00fcber. Am 15. November 1983 verlieh ihm Bernardia das Band. Neben zahlreichen G\u00e4sten war Abt Bernhard, der Innsbrucker B\u00fcrgermeister Niescher und sehr viele Lehrer des Meinhardinums anwesend.<\/p>\n<p>Eine mehrj\u00e4hrige Tradition hatte das Fu\u00dfballspiel zwischen Raeto-Romania und Bernardia. Tradition war, dass fast immer die Bernarden siegten, aber die Landecker l\u00e4nger feierten.<\/p>\n<p>Der H\u00f6hepunkt des Schuljahres 1984\/85 war das 50. Stiftungsfest. Der Gottesdienst mit Abt Bernhard fand in der Basilika statt, der Kommers im Bernardisaal des Stiftes. Der Saal war bis auf den letzten Platz besetzt. Siebzehn Verbindungen hatten Chargierte entsandt. Mit Augia Brigantina tauschte Senior Petz das Freundschaftsband.<\/p>\n<p>Im Sommer 1985 trat Abt Bernhard zur\u00fcck. Das Meinhardinum bezog die neue Schule und Bernardia rezipierte die ersten Sch\u00fcler aus der Langform des Meinhardinums. Im Herbst 1985 wurde die Bude renoviert, an P. German wurde das Band pro meritis verliehen und im Mai 1986 wurde die Ehre des Dr. cer an Bgm. Eduard F\u00f6rg und Prof. Karl Palfrader verliehen.<\/p>\n<p>In den kommenden Jahren hatte sich ein festes Ger\u00fcst f\u00fcr das Semesterprogramm herausgebildet. Der Herbst begann mit einer Informationsveranstaltung und Antrittsveranstaltung. Gro\u00dfveranstaltungen waren jeweils die Oberl\u00e4nderkneipe am 2. Freitag im November und die Nikolokneipe mit Hertenberg Telfs. Meistens besuchten die Bernarden das Stiftungsfest der Clunia, P. German veranstalte die Adventbesinnung, die Bernarden f\u00fchrten eine Aktion f\u00fcr die Lebenshilfe durch.<\/p>\n<p>Im Wintersemester und im Sommersemester wurden jeweils zwei Bernardenabende abgehalten. Den H\u00f6hepunkt im Sommersemester bildete das Stiftungsfest. Dort wurden jeweils die F\u00fcchse geburscht, die die Fuchsenzeit absolviert hatten und auch das Schuljahr positiv abgeschlossen hatten.<\/p>\n<p>Am 20. Mai 1989 fuhr eine ansehnliche Schar von Bernarden zum Jubelstiftungsfest der Nibelungia Melk. Damit begann die Verbindung Kontakt mit den anderen Verbindungen an Stiftsschulen aufzunehmen. Im September 1991 fuhren die Bernarden zum Stiftungsfest der Paulinia St. Paul, im Herbst 1992 zur Hilaria Wilhering und im Sommer 1994 wieder nach Melk.<\/p>\n<p>Am Stiftungsfest 1990 \u00fcberreicht Bernardia das Band an den B\u00fcrgermeister von S\u00f6lden Ernst Sch\u00f6pf, am 3. Mai 1991 wurde Dipl.-Ing. Erich Moser und am 25. Juni 1993 Prof. Heinz Grasmair zum Dr. cer. promoviert.<\/p>\n<p><strong>Die letzten zehn Jahre<\/strong><\/p>\n<p>Der 22. April 1995 stand im Zeichen des 60. Stiftungsfestes: P. German feierte mit den Bernarden den Festgottesdienst in der Basilika. Anschlie\u00dfend gab es ein Buffet im Stift und dann folgte der Festkommers im Gemeindesaal Silz. Es waren etwa zweihundert G\u00e4ste erschienen. Das Chargiertencorps unter Leitung von Lxx Christian Palfrader umfasste 50 Chargierte. Senior Raimund Wurm \u00fcberreichte die 100-Semesterb\u00e4nder.<\/p>\n<p>In den folgenden Jahren wurde das Semesterprogramm in der Form, die sich in den letzten Jahren eingeb\u00fcrgert hatte, beibehalten. Den H\u00f6hepunkt des Wintersemesters bildete jeweils die Oberl\u00e4nderkneipe. Den n\u00e4chsten H\u00f6hepunkt bildete die Nikolokneipe. All die Jahre war aber Kurt Hei\u00df der Veranstaltung treu geblieben. Er las die Nikolotexte, die vorher gemeinsam mit den Aktiven geschrieben wurden.<\/p>\n<p>H\u00e4ufig fand im Advent eine Adventbesinnung mit P. German statt. F\u00fcr den Bildungsteil spielten die Bernardenabende eine gro\u00dfe Rolle. Es handelte sich dabei um Gespr\u00e4chsrunden zu einem vorher festgelegten Thema. Die Veranstaltungen im Sommersemester waren eher weniger dicht. Lange Jahre lud P. German zu einer Fastenbesinnung nach Locherboden ein.<\/p>\n<p>Den H\u00f6hepunkt des Sommersemesters bildete das Stiftungsfest. Der Kommers fand meistens im Gh. \u201cHohe Munde\u201d in Telfs statt.<\/p>\n<p>Einige Jahre fanden verbindungs\u00fcbergreifende Couleurstammtische in Telfs statt. Erw\u00e4hnenswert sind auch die Sommertreffen in Telfs, die mehrere Jahre stattfanden. Schlie\u00dflich gab es auch noch eine Zeitlang einen Aktivenstammtisch in Innsbruck.<\/p>\n<p>Besonders erfreulich war, dass sich Bernarden auch immer wieder im Landesverband t\u00e4tig zeigten. Hier ist vor allem Raimund Wurm zu erw\u00e4hnen, der ab 1997\/98 mehrere Jahre Landessenior des TMV war. F\u00fcr ihr Engagement in TMV und MKV wurden den Bbr. Raimund Wurm, Christian Palfrader und Georg Leitner am Stiftungsfest 2000 die Auszeichnung \u201cEhrenbursch\u201d verliehen.<\/p>\n<p>Die Zahl der Aktiven nahm innerhalb der zehn Jahre rapid ab. Den letzten H\u00f6hepunkt des Mitgliederstandes erlebte die Verbindung 1995: Damals waren 28 Burschen und 8 F\u00fcchse Mitglieder. Die Zahl sank bis 2003 auf f\u00fcnf Burschen und drei F\u00fcchse. In den letzten Jahren erfolgte wieder eine Trendwende. Im Jahr 2005 z\u00e4hlt die Verbindung in Stams wieder 11 Burschen und zehn F\u00fcchse.<\/p>\n<p>Immer wieder gab es auch personelle Ver\u00e4nderungen. Am CC des Jahres 1999 trat Phil-x Erich Moser zur\u00fcck. Auf ihn folgte Mag. Thomas Palfrader. Am CC 2004 erfolgte der gro\u00dfe Generationswechsel. Es wurde ein ganz neues Altherrenchargenkabinett unter der F\u00fchrung von Phil-x Mag. Raimund Wurm gew\u00e4hlt.<\/p>\n<p>Im J\u00e4nner 1999 begleiteten die Bernarden Altabt Bernhard Slovsa in Stams zu Grabe.<\/p>\n<p>Am Stiftungsfest des Jahres 1997 verlieh die Verbindung das \u201cpro meritis Band\u201d an den Phil-x Thomas Palfrader und 2001 an den jahrzehntelangen Kassier Manfred Stocker. Schlie\u00dflich \u00fcberreichte die Verbindung anl\u00e4sslich der Schlusskneipe im Februar 2002 die Ehre des Dr. cerevisiae an P. German Erd.<\/p>\n<p>In selben Herbst wurde P. German Direktor am Meinhardinum und schlie\u00dflich konnte Bernardia am 16. 11. 2004 anl\u00e4sslich seiner Weihe zum Abt von Stams in der Basilika mit Chargierten teilnehmen.<\/p>\n<p><em>Karl Palfrader<\/em><\/p>\n<p><strong>SENIOREN UND PHILISTERSENIOREN DER BERNARDIA<\/strong><\/p>\n<p><strong>Philistersenioren<\/strong><br \/>\n22.08.1937 Notar Dr. Rudolf ZANGERLE<br \/>\n06.08.1961 Prokurist Rudolf MOSER<br \/>\n09.03.1977 DKfm. Eduard F\u00d6RG<br \/>\n15.05.1985 Dipl.-Ing. Erich MOSER<br \/>\n10.06.1999 Mag. Thomas PALFRADER<br \/>\n28.04.2004 Mag. Raimund WURM<br \/>\n01.08.2011 Ren\u00e9 SIEGELE<\/p>\n<p><strong>Senioren der Ferialis<\/strong><br \/>\n04.09.1935 Otto BURTSCHER<br \/>\n08.11.1936 Dr. Max ERLACHER<br \/>\n22.08.1937 Hans SCHR\u00d6TTER<br \/>\n10.03.1946 Dr. Hans AUER<br \/>\n11.09.1948 Heinrich LARCHER<br \/>\n10.09.1949 Siegfried WALSER<br \/>\n09.09.1950 Otto SCHAFFENRATH<br \/>\n06.09.1951 Franz RIMML<br \/>\n13.09.1952 Hans HEIGL<br \/>\n19.09.1953 Otto SCHAFFENRATH<br \/>\n11.09.1954 Alois WACKERLE<br \/>\n08.10.1956 Hans TSCHARF<br \/>\n25.10.1958 Alois WACKERLE<br \/>\n26.12.1967 Heinz GRASMAIR<\/p>\n<p><strong>Senioren der Semestralis<\/strong><br \/>\nW 76\/77 Heinz GRASMAIR<br \/>\nS 77 Herbert KOHLERT<br \/>\nW 77\/78 Martin K\u00d6HLE<br \/>\nS 78 Martin K\u00d6HLE<br \/>\nW 78\/79 Ulrich GRIESSER<br \/>\nS 79 Johann BRENNER<br \/>\nW 79\/80 Gert PERKHOFER<br \/>\nS 80 Richard WIMBERGER<br \/>\nW 80\/81 Richard WIMBERGER<br \/>\nS 81 Sigmund GEIGER<br \/>\nW 81\/82 Helmut WALDEGGER<br \/>\nS 82 Erwin GEIGER<br \/>\nW 82\/83 Werner TH\u00d6NI<br \/>\nS 83 Maximilian ANDREAE, ab 23.2. Hans-Peter KIRSCHNER<br \/>\nW 83\/84 Werner TH\u00d6NI<br \/>\nS 84 Rudolf PETZ<br \/>\nW 84\/85 Rudolf PETZ<br \/>\nS 85 Rudolf PETZ<br \/>\nW 85\/86 Alexander MUIGG<br \/>\nS 86 Peter ERLACHER (interim. xx Thomas PALFRADER), ab 4.3. Joachim PETZ<br \/>\nW 86\/87 Markus MOOSBRUGGER<br \/>\nS 87 Markus MOOSBRUGGER<br \/>\nW 87\/88 Peter ERHART<br \/>\nS 88 Nikolaus MORSCHER<br \/>\nW 88\/89 G\u00fcnter SCHWARZ<br \/>\nS 89 G\u00fcnter SCHWARZ<br \/>\nW 89\/90 Stefan SAUMWEBER<br \/>\nS 90 Michael KR\u00d6LL<br \/>\nW 90\/91 G\u00fcnter ERHART<br \/>\nS 91 Alexander WANDL<br \/>\nW 91\/92 Lars TURSKY<br \/>\nS 92 Michael KRISMER<br \/>\nW 92\/93 Peter V\u00d6LK<br \/>\nS 93 Andreas EGGER<br \/>\nW 93\/94 Christian PALFRADER<br \/>\nS 94 Mario ASTE<br \/>\nW 94\/95 Marc GASSER<br \/>\nS 95 Raimund WURM<br \/>\nW 95\/96 Florian MUMMERT<br \/>\nS 96 Johannes KIRCHER<br \/>\nW 96\/97 Silvester KONTUR<br \/>\nS 97 Albin HAMMERLE<br \/>\nW 97\/98 Martin SPISS<br \/>\nS 98 Georg WITTING<br \/>\nW 98\/99 Florian GFRERER<br \/>\nS 99 Florian GFRERER<br \/>\nW 99\/00 Gustav SAILER<br \/>\nS 00 Michael METZLER<br \/>\nW 00\/01 Gustav SAILER<br \/>\nS 01 Raphael KARLINGER<br \/>\nW 01\/02 Ren\u00e9 SIEGELE<br \/>\nS 02 Raphael KARLINGER<br \/>\nW 02\/03 Emanuel RAGGL, ab Dez. 2002 Raphael KARLINGER<br \/>\nS 03 Stephan NEURAUTER<br \/>\nW 03\/04 Simon KIKL<br \/>\nS 04 Stephan NEURAUTER<br \/>\nW 04\/05 Damian SAPINSKY<br \/>\nS 05 Damian SAPINSKY<\/p>\n","protected":false},"excerpt":{"rendered":"<p>70 Jahre Bernardia Stams (Dieser Text ist im Downloadbereich auch als PDF verf\u00fcgbar.) Der Anfang Auf Einladung von OLGR Dr. Platzgummer, Notar Dr. Zangerle, Otto Burtscher, Ferdinand Walser und Herbert [&hellip;]<\/p>\n","protected":false},"author":3,"featured_media":0,"parent":2,"menu_order":1,"comment_status":"open","ping_status":"open","template":"","meta":{"_EventAllDay":false,"_EventTimezone":"","_EventStartDate":"","_EventEndDate":"","_EventStartDateUTC":"","_EventEndDateUTC":"","_EventShowMap":false,"_EventShowMapLink":false,"_EventURL":"","_EventCost":"","_EventCostDescription":"","_EventCurrencySymbol":"","_EventCurrencyCode":"","_EventCurrencyPosition":"","_EventDateTimeSeparator":"","_EventTimeRangeSeparator":"","_EventOrganizerID":[],"_EventVenueID":[],"_OrganizerEmail":"","_OrganizerPhone":"","_OrganizerWebsite":"","_VenueAddress":"","_VenueCity":"","_VenueCountry":"","_VenueProvince":"","_VenueState":"","_VenueZip":"","_VenuePhone":"","_VenueURL":"","_VenueStateProvince":"","_VenueLat":"","_VenueLng":"","_VenueShowMap":false,"_VenueShowMapLink":false,"footnotes":""},"class_list":["post-12","page","type-page","status-publish","hentry"],"_links":{"self":[{"href":"https:\/\/www.bernardia.at\/index.php?rest_route=\/wp\/v2\/pages\/12"}],"collection":[{"href":"https:\/\/www.bernardia.at\/index.php?rest_route=\/wp\/v2\/pages"}],"about":[{"href":"https:\/\/www.bernardia.at\/index.php?rest_route=\/wp\/v2\/types\/page"}],"author":[{"embeddable":true,"href":"https:\/\/www.bernardia.at\/index.php?rest_route=\/wp\/v2\/users\/3"}],"replies":[{"embeddable":true,"href":"https:\/\/www.bernardia.at\/index.php?rest_route=%2Fwp%2Fv2%2Fcomments&post=12"}],"version-history":[{"count":1,"href":"https:\/\/www.bernardia.at\/index.php?rest_route=\/wp\/v2\/pages\/12\/revisions"}],"predecessor-version":[{"id":905,"href":"https:\/\/www.bernardia.at\/index.php?rest_route=\/wp\/v2\/pages\/12\/revisions\/905"}],"up":[{"embeddable":true,"href":"https:\/\/www.bernardia.at\/index.php?rest_route=\/wp\/v2\/pages\/2"}],"wp:attachment":[{"href":"https:\/\/www.bernardia.at\/index.php?rest_route=%2Fwp%2Fv2%2Fmedia&parent=12"}],"curies":[{"name":"wp","href":"https:\/\/api.w.org\/{rel}","templated":true}]}}