{"id":1206,"date":"2025-05-13T13:16:00","date_gmt":"2025-05-13T12:16:00","guid":{"rendered":"https:\/\/www.bernardia.at\/?page_id=1206"},"modified":"2025-05-23T05:20:43","modified_gmt":"2025-05-23T04:20:43","slug":"90-stiftungsfest","status":"publish","type":"page","link":"https:\/\/www.bernardia.at\/?page_id=1206","title":{"rendered":"90. Stiftungsfest"},"content":{"rendered":"\n<h2 class=\"wp-block-heading has-text-align-center\">Bernardia Stams<\/h2>\n\n\n\n<figure class=\"wp-block-image aligncenter size-full is-resized\"><img loading=\"lazy\" decoding=\"async\" width=\"450\" height=\"567\" src=\"https:\/\/www.bernardia.at\/wp-content\/uploads\/2025\/05\/BES_Wappen.png\" alt=\"\" class=\"wp-image-1215\" style=\"width:163px;height:auto\" srcset=\"https:\/\/www.bernardia.at\/wp-content\/uploads\/2025\/05\/BES_Wappen.png 450w, https:\/\/www.bernardia.at\/wp-content\/uploads\/2025\/05\/BES_Wappen-238x300.png 238w, https:\/\/www.bernardia.at\/wp-content\/uploads\/2025\/05\/BES_Wappen-119x150.png 119w\" sizes=\"(max-width: 450px) 100vw, 450px\" \/><\/figure>\n\n\n\n<p class=\"has-text-align-center\">Die Katholische \u00d6sterreichische Studentenverbindung Bernardia Stams feiert ihr <strong>90. Jubelstiftungsfest<\/strong><\/p>\n\n\n\n<h3 class=\"wp-block-heading has-text-align-center\">am Samstag. 14. Juni 2025<\/h3>\n\n\n\n<p class=\"has-text-align-center\"><strong>um 20.00 Uhr s.t. plen.col. hochoff.<\/strong><br><strong>im Oberlandsaal Haiming.<\/strong><\/p>\n\n\n\n<p class=\"has-text-align-center\"><strong>Die Festmesse findet um 17.00 Uhr s.t. plen.col. hochoff. &nbsp;zelebriert von Abt Cyrill Greiter v\/o Samuel in der Pfarrkirche Haiming statt.<\/strong><\/p>\n\n\n\n<hr class=\"wp-block-separator has-alpha-channel-opacity\"\/>\n\n\n\n<h2 class=\"wp-block-heading has-text-align-center\">Programm<\/h2>\n\n\n\n<h3 class=\"wp-block-heading\">Freitag 13. Juni 2025<\/h3>\n\n\n\n<p>20:00 Uhr <strong>Begr\u00fc\u00dfungsabend im Wein- und Schnapskeller<\/strong> des Stiftes Stams<\/p>\n\n\n\n<hr class=\"wp-block-separator has-alpha-channel-opacity\"\/>\n\n\n\n<h3 class=\"wp-block-heading\">Samstag. 14. Juni 2025<\/h3>\n\n\n\n<p>12:30 Uhr\u00a0<strong>Mittagessen\u00a0<\/strong>in der Orangerie Stams<br>16:00 Uhr\u00a0<strong>Abfahrt Shuttlebus<\/strong>\u00a0<br>in Telfs Zentrum \u2013 Abfahrt in Stams 16:20 Uhr<br><em><strong>ANMELDUNG\u00a0<\/strong>erforderlich &#8211; siehe unten.<\/em><br><br>17:00 Uhr\u00a0<strong>Festmesse\u00a0<\/strong>in der Pfarrkirche Haiming,<br><strong>zelebriert von Abt Cyrill Greiter v\/o Samuel<\/strong><br><br>18:00 Uhr\u00a0<strong>Abendessen\u00a0<\/strong>im Haiminger Hof<br><em><strong>ANMELDUNG\u00a0<\/strong>erforderlich &#8211; siehe unten.<\/em><br><br>20:00 Uhr\u00a0<strong>Festkommers\u00a0<\/strong>im Oberlandsaal Haiming<br><strong>Festredner: OStR Prof. i.R. Mag. Karl Palfrader Dr.cer. Banquo<\/strong><\/p>\n\n\n\n<hr class=\"wp-block-separator has-alpha-channel-opacity\"\/>\n\n\n\n<h3 class=\"wp-block-heading\">Sonntag, 15. Juni 2025<\/h3>\n\n\n\n<p>Ab 10:00 Uhr &#8211; <strong>Ausklang<\/strong> auf der Bude Bernardiae<\/p>\n\n\n\n<hr class=\"wp-block-separator has-alpha-channel-opacity\"\/>\n\n\n\n<div class=\"wp-block-group has-contrast-color has-accent-4-background-color has-text-color has-background has-link-color wp-elements-3cf0a90e10c53fd27a98cdb793ab5dc8 has-global-padding is-layout-constrained wp-container-core-group-is-layout-1 wp-block-group-is-layout-constrained\" style=\"padding-top:var(--wp--preset--spacing--10);padding-right:var(--wp--preset--spacing--10);padding-bottom:var(--wp--preset--spacing--10);padding-left:var(--wp--preset--spacing--10)\">\n<h3 class=\"wp-block-heading\">Anmeldungen \/ Reservierungen<\/h3>\n\n\n\n<p><strong>Alle Anmeldungen bitte an&nbsp;<a href=\"mailto:phil-x@bernardia.at\" target=\"_blank\" rel=\"noreferrer noopener\">phil-x@bernardia.at<\/a>&nbsp;oder WhatsApp an 0043 664 385 4511.<\/strong><\/p>\n\n\n\n<p><strong>Anmeldung&nbsp;Shuttlebus:&nbsp;<\/strong><br>F\u00fcr die Stecke Telfs (Abfahrt 16:00)- Stams (16:20)-Haiming (Ankunft 16:40) und retour (Abfahrt ca.01:00). Kostenbeitrag f\u00fcr die Busfahrt Telfs &#8211; Haiming u. retour:..<br><strong>vsl. EUR 27,-<\/strong><\/p>\n\n\n\n<p><strong>Anmeldung Festpaket mit&nbsp;\u00dcbernachtungsm\u00f6glichkeit im Internat:&nbsp;<\/strong><br>13.-15. Juni. Kostenbeitrag f\u00fcr 2x \u00dcF im Internat, Busfahrt Stams- Haiming u. retour sowie 3 Getr\u00e4nke am Commers:<br><strong>vsl. EUR 90,-<br><br>Anmeldung&nbsp;Abendessen im Haiminger Hof:&nbsp;<\/strong><br>Kleine Karte: Wiener Schnitzel oder Kasspatzln<\/p>\n<\/div>\n\n\n\n<div class=\"wp-block-group has-accent-background-color has-background has-global-padding is-layout-constrained wp-container-core-group-is-layout-2 wp-block-group-is-layout-constrained\" style=\"padding-top:var(--wp--preset--spacing--10);padding-right:var(--wp--preset--spacing--10);padding-bottom:var(--wp--preset--spacing--10);padding-left:var(--wp--preset--spacing--10)\">\n<h4 class=\"wp-block-heading\">R\u00fcckreise&nbsp;Bahn Richtung Innsbruck HBF<\/h4>\n\n\n\n<p><strong>Samstag 14. Juni:<\/strong><br><strong>REX 22:31Uhr&nbsp;<\/strong>ab Haiming \/ 22:39 Uhr ab Stams&nbsp;<em>(Telfs, V\u00f6ls, Ibk. Westbahnhof, Ibk. Hauptbahnhof)<\/em><br><strong>S4 02:11Uhr&nbsp;<\/strong>ab Haiming \/ 02:19 Uhr ab Stams&nbsp;<br><strong>S4 03:11Uhr&nbsp;<\/strong>ab Haiming \/ 03:19 Uhr ab Stams&nbsp;<br><strong>S4 04:17Uhr&nbsp;<\/strong>ab Haiming \/ 04:25 Uhr ab Stams&nbsp;<br><em>(S4 jeweils alle Bahnh\u00f6fe bis Innsbruck)<\/em><\/p>\n<\/div>\n\n\n\n<p><\/p>\n","protected":false},"excerpt":{"rendered":"<p>Bernardia Stams Die Katholische \u00d6sterreichische Studentenverbindung Bernardia Stams feiert ihr 90. Jubelstiftungsfest am Samstag. 14. Juni 2025 um 20.00 Uhr s.t. plen.col. hochoff.im Oberlandsaal Haiming. Die Festmesse findet um 17.00 [&hellip;]<\/p>\n","protected":false},"author":3,"featured_media":0,"parent":0,"menu_order":0,"comment_status":"closed","ping_status":"closed","template":"","meta":{"_EventAllDay":false,"_EventTimezone":"","_EventStartDate":"","_EventEndDate":"","_EventStartDateUTC":"","_EventEndDateUTC":"","_EventShowMap":false,"_EventShowMapLink":false,"_EventURL":"","_EventCost":"","_EventCostDescription":"","_EventCurrencySymbol":"","_EventCurrencyCode":"","_EventCurrencyPosition":"","_EventDateTimeSeparator":"","_EventTimeRangeSeparator":"","_EventOrganizerID":[],"_EventVenueID":[],"_OrganizerEmail":"","_OrganizerPhone":"","_OrganizerWebsite":"","_VenueAddress":"","_VenueCity":"","_VenueCountry":"","_VenueProvince":"","_VenueState":"","_VenueZip":"","_VenuePhone":"","_VenueURL":"","_VenueStateProvince":"","_VenueLat":"","_VenueLng":"","_VenueShowMap":false,"_VenueShowMapLink":false,"footnotes":""},"class_list":["post-1206","page","type-page","status-publish","hentry"],"_links":{"self":[{"href":"https:\/\/www.bernardia.at\/index.php?rest_route=\/wp\/v2\/pages\/1206"}],"collection":[{"href":"https:\/\/www.bernardia.at\/index.php?rest_route=\/wp\/v2\/pages"}],"about":[{"href":"https:\/\/www.bernardia.at\/index.php?rest_route=\/wp\/v2\/types\/page"}],"author":[{"embeddable":true,"href":"https:\/\/www.bernardia.at\/index.php?rest_route=\/wp\/v2\/users\/3"}],"replies":[{"embeddable":true,"href":"https:\/\/www.bernardia.at\/index.php?rest_route=%2Fwp%2Fv2%2Fcomments&post=1206"}],"version-history":[{"count":8,"href":"https:\/\/www.bernardia.at\/index.php?rest_route=\/wp\/v2\/pages\/1206\/revisions"}],"predecessor-version":[{"id":1224,"href":"https:\/\/www.bernardia.at\/index.php?rest_route=\/wp\/v2\/pages\/1206\/revisions\/1224"}],"wp:attachment":[{"href":"https:\/\/www.bernardia.at\/index.php?rest_route=%2Fwp%2Fv2%2Fmedia&parent=1206"}],"curies":[{"name":"wp","href":"https:\/\/api.w.org\/{rel}","templated":true}]}}