{"id":2,"date":"2007-08-07T17:07:48","date_gmt":"2007-08-07T15:07:48","guid":{"rendered":""},"modified":"2014-09-25T15:29:26","modified_gmt":"2014-09-25T14:29:26","slug":"eine-seite","status":"publish","type":"page","link":"https:\/\/www.bernardia.at\/?page_id=2","title":{"rendered":"Wer sind wir?"},"content":{"rendered":"<p><strong>Bernardia in Stichworten<\/strong><\/p>\n<p>Vollst\u00e4ndiger Name: Katholische \u00d6sterreichische Studentenverbindung Bernardia zu Stams;<\/p>\n<p>Namensgeber: Heiliger Bernhard von Clairvaux, Mentor und Mitbegr\u00fcnder des Zisterzienserordens (im 12. Jahrhundert), welcher im Stift Stams niedergelassen ist;<\/p>\n<p>Wahlspruch: JEDERZEIT F\u00dcR \u00d6STERREICH;<\/p>\n<p>Farben: Purpurrot &#8211; Blau &#8211; Silber<\/p>\n<p>Gr\u00fcndungsdatum: 4. August 1935;<\/p>\n<p>Gr\u00fcndungsort: Gasthof &#8218;Speckbacher&#8216; in Stams, heute M\u00e4dcheninternat des Schigymnasiums;<\/p>\n<p>Gr\u00fcndungssenior: Dr. Otto BURTSCHER;<\/p>\n<p>Von 1935-38 und 1945-68 existierte Bernardia als Ferialverbindung (ohne &#8218;Bindung&#8216; an das Gymnasium Meinhardinum in Stams), die Rekonstituierung als Semestralverbindung am Meinhardinum erfolgte 1976;<\/p>\n<p>Aufnahme in den MKV 1977 (Penn\u00e4lertag Pinkafeld).<\/p>\n<p>Bude ( &#8218;Bernardiaheim&#8216;, seit 1982): Stiftshof 5, 6422 Stams.<\/p>\n<p><strong>Wer wir sind &#8211; was wir wollen<\/strong><\/p>\n<p>Bernardia ist eine partei- und gesellschaftspolitisch unabh\u00e4ngige Gymnasialverbindung mit Sitz am Gymnasium &#8218;Meinhardinum&#8216; in Stams. Sie will mehr sein als eine blo\u00dfe M\u00f6glichkeit zur Gestaltung der Freizeit ihrer Mitglieder, jung oder alt, n\u00e4mlich ein Leben in einer Gemeinschaft zu schaffen, welche von gewissen Grundwerten getragen ist, die pers\u00f6nlichkeits- und charakterbildend f\u00fcr jedes Mitglied, jeden Bundesbruder, sein k\u00f6nnen. Wir nennen diese tragenden und leitenden Grundwerte PRINZIPIEN, es gibt deren vier:<\/p>\n<p>RELIGIO &#8211; Bewusstes Bekenntnis zur Zugeh\u00f6rigkeit der r\u00f6misch-katholischen Kirche und die Weitergabe dieses Bewusstseins durch aktiv gelebten Glauben, auch im Rahmen der Verbindung (gemeinsam gestaltete Messen, religi\u00f6se Veranstaltungen). In einer ents\u00e4kularisierten Zeit gewinnt aber auch das Vertrauen auf Gott und das Einstehen f\u00fcr die Ziele der christlichen Soziallehre immer mehr an Bedeutung.<\/p>\n<p>PATRIA &#8211; Wir bekennen uns zu einem demokratisch regierten, freien und &#8218;offenen&#8216; \u00d6sterreich und anerkennen nachdr\u00fccklich die Existenz einer \u00f6sterreichischen Nation. Dieses Bekenntnis schlie\u00dft auch ein, dass \u00d6sterreich ein Land der Begegnung zwischen den Kulturen ist bzw. weiterhin sein soll. Engstirnigen Nationalismus, Fremdenfeindlichkeit, angst-machende Politik in diesem Sinne lehnen wir zutiefst ab und sind auch grunds\u00e4tzlich bereit, dagegen \u00f6ffentlich aufzutreten! Im Umkreis des Nationalfeiertages findet stets eine aktuelle Veranstaltung des &#8218;Nachdenkens \u00fcber \u00d6sterreich&#8216; statt.<\/p>\n<p>SCIENTIA &#8211; Das &#8218;Streben nach Wissen&#8216; ist nicht mit dem blo\u00dfen Erreichen der Matura oder eines akademischen Studiums erf\u00fcllt, sondern bedeutet auch lebenslange Bereitschaft, weiterzulernen und empf\u00e4nglich zu sein f\u00fcr &#8217;neue&#8216; Bildungsinhalte und Wissensbereiche, etwa die &#8217;neuen Medien&#8216;, Sprachen, aber auch soziale F\u00e4higkeiten und Kompetenzen (z.B. Rhetorikkurse). Unser Dachverband, der MKV, leistet hier im Anbieten von Schulungen und Seminaren mannigfaltige Hilfestellung.<\/p>\n<p>AMICITIA &#8211; Alle Bundes- und Kartellbr\u00fcder sprechen sich untereinander mit dem &#8218;Du&#8216;-Wort an; dies geschieht jedoch in einem anderen Bewusstsein als die oberfl\u00e4chlich-kumpelhafte &#8218;Duzerei&#8216; unserer Tage: &#8218;Amicitia&#8216; bedeutet n\u00e4mlich &#8218;echte&#8216;, gelebte Lebensfreundschaft zwischen den einzelnen Mitgliedern der Verbindung bzw. des Verbandes im Sinne eines bewusst einger\u00e4umten Vertrauensvorschusses. Es ist immer wieder faszinierend, zu beobachten, wie sich ein Kartellbruder z.B. aus Innsbruck und aus Gm\u00fcnd im nieder\u00f6sterreichischen Waldviertel treffen (&#8218;real&#8216; im Rahmen einer Veranstaltung oder auch &#8218;virtuell&#8216; via Internet) und sofort ein gutes Gespr\u00e4ch f\u00fchren k\u00f6nnen, ohne langwieriges Hantieren gruppendynamischer Faktoren etc. Eben genannter &#8218;bewusste Vertrauensvorschuss&#8216; und die \u00dcbereinstimmung in einer gemeinsamen Weltanschauung in den vier Prinzipien machen dies erst m\u00f6glich. \u00dcbrigens: Gelebte Amicitia l\u00e4sst sich in Worte nicht fassen, man muss sie selber erleben!<\/p>\n<p>Zwar ist Bernardia heute in erster Linie eine Gemeinschaft der Studierenden am Meinhardinum Stams, jedoch sind wir sehr darum bem\u00fcht, auch Br\u00fccken zwischen den Generationen zu bauen und insbesondere die &#8218;jungn Alten Herren&#8216; noch st\u00e4rker in unsere Gemeinschaft einzubinden, denn nur so ist das Prinzip der &#8218;Lebensfreundschaft&#8216; zu verstehen und zu realisieren!<\/p>\n<p><strong>Wer kann Mitglied werden?<\/strong><\/p>\n<p>In erster Linie Sch\u00fcler des Meinhardinums Stams der Oberstufe sowie am Gymnasium (&#8218;Langform&#8216;) als auch am Aufbaurealgymnasium ab der f\u00fcnften Klasse, der gr\u00f6\u00dfte Anteil der &#8218;aktiven&#8216; Bernarden sind Internatssch\u00fcler in Stams. An der P\u00e4dagogischen Akademie der Di\u00f6zese Innsbruck und am Schigymnasium wird nicht um Mitglieder geworben, da der Mitgliederkreis dann doch zu heterogen zusammengesetzt w\u00e4re.<\/p>\n<p>Daneben kann das Band der Bernardia auch an Personen verliehen werden, welche sich um Stams, die Schule, das Internat oder das Stift verdient gemacht haben. In erster Linie sind dies Personen des \u00f6ffentlichen Lebens (z.B. tr\u00e4gt der S\u00f6lder B\u00fcrgermeister Mag. Ernst Sch\u00f6pf oder der Tiroler Landeshauptmann DDr. Herwig van Staa das Band der Bernardia) oder Mitglieder des Lehrerkollegiums am Meinhardinum, aber auch an die &#8218;Altstamser&#8216; (d.h. ehemalige Sch\u00fcler) kann die Mitgliedschaft verliehen werden, wenn diese bereit sind, sich mit den programmatischen Inhalten und Zielen der Verbindung bzw. des Gesamtverbandes MKV zu identifizieren!<\/p>\n<p><strong>Was &#8218;bringt&#8216; eine Mitgliedschaft f\u00fcr mich?<\/strong><\/p>\n<p>Ein g\u00e4ngiges Vorurteil besagt, in den Studentenverbindungen bl\u00fche die Protektion und Freunderlwirtschaft, pers\u00f6nliche Qualifikation wird ersetzt durch &#8218;Steigb\u00fcgelhalterei&#8216; und Intervention seitens hochrangiger anderer Bundes- bzw. Kartellbr\u00fcder. Dies mag es in fr\u00fcherer Zeit vereinzelt gegeben haben, in der gegenw\u00e4rtigen (transparenten) Leistungsgesellschaft mit ihrer Mannigfaltigkeit an intersubjektiv nachpr\u00fcfbaren Qualifikations- und Leistungsprofilen mit Sicherheit nicht mehr. Selbstverst\u00e4ndlich kann die Verbindung auch kein lineares oder lexikalisches Wissen vermitteln; dazu ist (entgegen aller Unkenrufe) noch immer &#8218;die Schule&#8216; da&#8230;<br \/>\nDer Schwerpunkt unserer Verbindung kann in dreifacher Weise, wie ich meine, positioniert werden:<\/p>\n<p>Wertebetonte Pers\u00f6nlichkeitsentwicklung: Bernardia unterscheidet von diversen Freizeitvereinen wesentlich, dass sie nicht ausschlie\u00dflich zur Gestaltung der Freizeit existiert (und dementsprechend auch wieder verlassen werden k\u00f6nnte, wenn das Angebot nicht mehr zusagt), sondern es liegt eine weltanschauliche Haltung zugrunde, welche in den vier Prinzipien (siehe oben) zur Entfaltung gelangt. Wir m\u00f6chten unseren jungen Mitgliedern nicht nur &#8218;Fun&#8216; (der nat\u00fcrlich auch nicht zu kurz kommt) erm\u00f6glichen, sondern ein geistig-elementares R\u00fcstzeug mit auf dem Lebensweg geben, zu verantwortungsbewussten Mitgliedern der Gesellschaft zu werden, deren Denken und Handeln nicht ausschlie\u00dflich im Konsum und in der Diesseitsbezogenheit des gegenw\u00e4rtigen Hedonismus gr\u00fcndet: Bekenntnis zu Werten bedeutet auch in gewisser Weise Bekenntnis zur Transzendenz.<\/p>\n<p>Erwerb von gesellschaftlichen Schl\u00fcsselqualifikationen: Neben dem Anbieten der Kurse zur F\u00f6rderung von sog. &#8218;Schl\u00fcsselqualifikationen&#8216; durch den Gesamtverband (z.B. Rhetorikkurse) werden im Rahmen der einzelnen Verbindung F\u00e4higkeiten und Kompetenzen &#8218;trainiert&#8216;, welche im sp\u00e4teren Berufsleben von elementarer Bedeutung sein k\u00f6nnen: Bereitschaft zum Zuh\u00f6ren und Argumentieren in einer Gruppe, Erlernen demokratischer Spielregeln (da die Aktiven jedes Semester ihren Senior, Schriftf\u00fchrer etc. in geheimer Wahl selber w\u00e4hlen, oft auch zwischen 2 oder 3 Kandidaten in einer Entscheidung), Engagement und &#8218;Stehverm\u00f6gen&#8216; im Organisieren und Ausf\u00fchren gr\u00f6\u00dferer Veranstaltungen, Treue zum gegebenen Wort (sog. &#8218;Handschlagqualit\u00e4t&#8216;). All diese Qualifikationen (nebst anderen) werden in der gegenw\u00e4rtigen Berufswelt bekannterma\u00dfen gefordert, ein &#8218;Training&#8216; (welches in der Schule selber oft zu kurz greift) kann hier vom unsch\u00e4tzbaren Vorteil sein!<\/p>\n<p>F\u00f6rderung sozialer Kontakte: Im Rahmen von Verbindungsveranstaltungen, aber auch der verpflichtenden Schulungen ergeben sich naturgem\u00e4\u00df zahlreiche, um nicht zu sagen zahllose, pers\u00f6nliche Kontakte und Freundschaften, mitunter sogar in Form eines &#8218;Netzwerkes&#8216; \u00fcber ganz \u00d6sterreich! Einmal im Jahr findet die Kartellf\u00fchrungsschule statt, eine Institution, an welcher sich Mitglieder aller \u00f6sterreichischer Verbindungen treffen, um &#8211; neben Seminaren und Schulungen &#8211; auch Pflege der Geselligkeit zu betreiben und Freundschaften zu finden (wobei es keiner gro\u00dfen gruppendynamischer &#8218;Spielchen&#8216; &#8211; Ball-Zuwerfen etc. &#8211; bedarf, durch die Teilnahme an einer gemeinsamen Weltanschauung f\u00e4llt das Kontakt-Finden erheblich leichter). Bei Bernardia ist es daneben zur guten Tradition geworden, Mitglieder aus dem Lehrerkollegium (einige davon sind auch Bernarden) f\u00fcr Vortragsabende zu gewinnen, was auch eine Begegnung der Sch\u00fcler mit den Lehrern au\u00dferhalb des Schulalltags erm\u00f6glicht: Vieles, was in der Schule vielleicht unaufbereitet bleibt, kann so in einem ungezwungeneren Rahmen diskutiert oder wenigstens angesprochen werden.<\/p>\n","protected":false},"excerpt":{"rendered":"<p>Bernardia in Stichworten Vollst\u00e4ndiger Name: Katholische \u00d6sterreichische Studentenverbindung Bernardia zu Stams; Namensgeber: Heiliger Bernhard von Clairvaux, Mentor und Mitbegr\u00fcnder des Zisterzienserordens (im 12. Jahrhundert), welcher im Stift Stams niedergelassen ist; [&hellip;]<\/p>\n","protected":false},"author":3,"featured_media":0,"parent":0,"menu_order":1,"comment_status":"closed","ping_status":"closed","template":"","meta":{"_EventAllDay":false,"_EventTimezone":"","_EventStartDate":"","_EventEndDate":"","_EventStartDateUTC":"","_EventEndDateUTC":"","_EventShowMap":false,"_EventShowMapLink":false,"_EventURL":"","_EventCost":"","_EventCostDescription":"","_EventCurrencySymbol":"","_EventCurrencyCode":"","_EventCurrencyPosition":"","_EventDateTimeSeparator":"","_EventTimeRangeSeparator":"","_EventOrganizerID":[],"_EventVenueID":[],"_OrganizerEmail":"","_OrganizerPhone":"","_OrganizerWebsite":"","_VenueAddress":"","_VenueCity":"","_VenueCountry":"","_VenueProvince":"","_VenueState":"","_VenueZip":"","_VenuePhone":"","_VenueURL":"","_VenueStateProvince":"","_VenueLat":"","_VenueLng":"","_VenueShowMap":false,"_VenueShowMapLink":false,"footnotes":""},"class_list":["post-2","page","type-page","status-publish","hentry"],"_links":{"self":[{"href":"https:\/\/www.bernardia.at\/index.php?rest_route=\/wp\/v2\/pages\/2"}],"collection":[{"href":"https:\/\/www.bernardia.at\/index.php?rest_route=\/wp\/v2\/pages"}],"about":[{"href":"https:\/\/www.bernardia.at\/index.php?rest_route=\/wp\/v2\/types\/page"}],"author":[{"embeddable":true,"href":"https:\/\/www.bernardia.at\/index.php?rest_route=\/wp\/v2\/users\/3"}],"replies":[{"embeddable":true,"href":"https:\/\/www.bernardia.at\/index.php?rest_route=%2Fwp%2Fv2%2Fcomments&post=2"}],"version-history":[{"count":1,"href":"https:\/\/www.bernardia.at\/index.php?rest_route=\/wp\/v2\/pages\/2\/revisions"}],"predecessor-version":[{"id":910,"href":"https:\/\/www.bernardia.at\/index.php?rest_route=\/wp\/v2\/pages\/2\/revisions\/910"}],"wp:attachment":[{"href":"https:\/\/www.bernardia.at\/index.php?rest_route=%2Fwp%2Fv2%2Fmedia&parent=2"}],"curies":[{"name":"wp","href":"https:\/\/api.w.org\/{rel}","templated":true}]}}