{"id":5,"date":"2007-08-07T17:25:59","date_gmt":"2007-08-07T15:25:59","guid":{"rendered":"http:\/\/bernardia.at\/?page_id=5"},"modified":"2014-09-25T15:27:43","modified_gmt":"2014-09-25T14:27:43","slug":"farbenstrophen","status":"publish","type":"page","link":"https:\/\/www.bernardia.at\/?page_id=5","title":{"rendered":"Farbenstrophen"},"content":{"rendered":"<p><strong>(1) BURSCHENSTROPHE<\/strong><br \/>\n<em>Text von Bbr. P. Nivard Neurauter v\/o Volker, anno 1935<\/em><\/p>\n<p>Rot, blau, silber sind die Farben:<br \/>\nTreu zu Gott und Vaterland,<br \/>\nF\u00fcr das uns&#8217;re V\u00e4ter starben,<br \/>\nHalten wir mit Herz und Hand.<br \/>\nRot flo\u00df einst das Blut der Ahnen,<br \/>\nBlau der Glaube als Symbol,<br \/>\nSilber soll zur St\u00e4rke mahnen<br \/>\nWie die Firnen von Tirol!<\/p>\n<p><strong>(2) FUCHSENSTROPHE<\/strong><br \/>\n<em>Text von Bbr. P. Nivard Neurauter v\/o Volker, anno 1935<\/em><\/p>\n<p>Rot der Liebe holdes Zeichen,<br \/>\nBlau der Treue immerdar,<br \/>\nMahnen uns gleich Stamser Eichen:<br \/>\nTrotzen jeglicher Gefahr.<br \/>\nUnd so wollen wir es halten<br \/>\nUnseren wackren V\u00e4tern gleich,<br \/>\nTreu wir Jungen wie die Alten:<br \/>\n&#8222;Jederzeit f\u00fcr \u00d6sterreich!&#8220;<\/p>\n<p><strong>(3) BUNDESLIED<\/strong><br \/>\n<em>Text von Bbr. P. Nivard Neurauter v\/o Volker, gegen 1945;<br \/>\nnotiert im Appendix zum Protokoll des BC vom 28.10.1945<br \/>\nMelodie: Stimmt an mit hellem hohem Klang<\/em><\/p>\n<p>Singt, Br\u00fcder, all aus froher Brust,<br \/>\nDie Alten wie die Jungen,<br \/>\nBernardias Lob voll Jugendlust,<br \/>\nSei immerdar gesungen!<\/p>\n<p>Das rot-blau-silber Burschenband<br \/>\nSoll nicht vergeblich mahnen:<br \/>\nTreu sind wir Gott und Vaterland,<br \/>\nWie unsre gro\u00dfen Ahnen.<\/p>\n<p><strong>(4) DAMENSTROPHE<\/strong><br \/>\n<em>Text von Bbr. P. Nivard Neurauter v\/o Volker, gegen 1945;<br \/>\nnotiert im Appendix zum Protokoll des BC vom 28.10.1945<\/em><\/p>\n<p><em>Anmerkung ThP: Weder meine Conchargen noch ich selbst haben von der Existenz einer eigenen &#8218;Damenstrophe&#8216; bei Bernardia gewusst, beim Studium des &#8218;ersten&#8216; Protokollbuches (1935 bis 1957) fand ich den Text im Anhang zu einem BC-Protokoll. Die Entzifferung gestaltete sich als m\u00fchselig, angemerkte (*) Worte k\u00f6nnten auch geringf\u00fcgig anders lauten. Der Vollst\u00e4ndigkeit halber sei die Strophe jedenfalls hier angef\u00fchrt; nat\u00fcrlich besitzt sie haupts\u00e4chlich &#8222;Kuriosit\u00e4tswert&#8220; &#8211; etwa muss auch die Frage offen bleiben, ob sie je gesungen wurde&#8230; (nach der konventionellen Melodie m\u00f6glich).<\/em><\/p>\n<p>Rot wie Rosen uns&#8217;re Wangen (*)<br \/>\nBlau die Augen wie der See.<br \/>\nUnsere (*) M\u00e4dchenherzen sprangen (*)<br \/>\nSilbern rein wie frischer Schnee.<br \/>\nDoch nicht kalt und unempfindlich<br \/>\nwie der Schnee ist uns&#8217;re Brust<br \/>\nH\u00fctet Euch, denn leicht entz\u00fcndlich<br \/>\nflammt sie bald in Lieb und Lust !<\/p>\n","protected":false},"excerpt":{"rendered":"<p>(1) BURSCHENSTROPHE Text von Bbr. P. Nivard Neurauter v\/o Volker, anno 1935 Rot, blau, silber sind die Farben: Treu zu Gott und Vaterland, F\u00fcr das uns&#8217;re V\u00e4ter starben, Halten wir [&hellip;]<\/p>\n","protected":false},"author":3,"featured_media":0,"parent":2,"menu_order":2,"comment_status":"open","ping_status":"open","template":"","meta":{"_EventAllDay":false,"_EventTimezone":"","_EventStartDate":"","_EventEndDate":"","_EventStartDateUTC":"","_EventEndDateUTC":"","_EventShowMap":false,"_EventShowMapLink":false,"_EventURL":"","_EventCost":"","_EventCostDescription":"","_EventCurrencySymbol":"","_EventCurrencyCode":"","_EventCurrencyPosition":"","_EventDateTimeSeparator":"","_EventTimeRangeSeparator":"","_EventOrganizerID":[],"_EventVenueID":[],"_OrganizerEmail":"","_OrganizerPhone":"","_OrganizerWebsite":"","_VenueAddress":"","_VenueCity":"","_VenueCountry":"","_VenueProvince":"","_VenueState":"","_VenueZip":"","_VenuePhone":"","_VenueURL":"","_VenueStateProvince":"","_VenueLat":"","_VenueLng":"","_VenueShowMap":false,"_VenueShowMapLink":false,"footnotes":""},"class_list":["post-5","page","type-page","status-publish","hentry"],"_links":{"self":[{"href":"https:\/\/www.bernardia.at\/index.php?rest_route=\/wp\/v2\/pages\/5"}],"collection":[{"href":"https:\/\/www.bernardia.at\/index.php?rest_route=\/wp\/v2\/pages"}],"about":[{"href":"https:\/\/www.bernardia.at\/index.php?rest_route=\/wp\/v2\/types\/page"}],"author":[{"embeddable":true,"href":"https:\/\/www.bernardia.at\/index.php?rest_route=\/wp\/v2\/users\/3"}],"replies":[{"embeddable":true,"href":"https:\/\/www.bernardia.at\/index.php?rest_route=%2Fwp%2Fv2%2Fcomments&post=5"}],"version-history":[{"count":1,"href":"https:\/\/www.bernardia.at\/index.php?rest_route=\/wp\/v2\/pages\/5\/revisions"}],"predecessor-version":[{"id":906,"href":"https:\/\/www.bernardia.at\/index.php?rest_route=\/wp\/v2\/pages\/5\/revisions\/906"}],"up":[{"embeddable":true,"href":"https:\/\/www.bernardia.at\/index.php?rest_route=\/wp\/v2\/pages\/2"}],"wp:attachment":[{"href":"https:\/\/www.bernardia.at\/index.php?rest_route=%2Fwp%2Fv2%2Fmedia&parent=5"}],"curies":[{"name":"wp","href":"https:\/\/api.w.org\/{rel}","templated":true}]}}