{"id":878,"date":"2014-09-25T15:02:26","date_gmt":"2014-09-25T14:02:26","guid":{"rendered":"http:\/\/www.bernardia.at\/?page_id=878"},"modified":"2014-09-25T15:14:01","modified_gmt":"2014-09-25T14:14:01","slug":"sommersemester-2013","status":"publish","type":"page","link":"https:\/\/www.bernardia.at\/?page_id=878","title":{"rendered":"Sommersemester 2013"},"content":{"rendered":"<div id='gallery-1' class='gallery galleryid-878 gallery-columns-4 gallery-size-thumbnail'><figure class='gallery-item'>\n\t\t\t<div class='gallery-icon landscape'>\n\t\t\t\t<a href='https:\/\/www.bernardia.at\/?attachment_id=444'><img loading=\"lazy\" decoding=\"async\" width=\"150\" height=\"150\" src=\"https:\/\/www.bernardia.at\/wp-content\/uploads\/2013\/03\/1-150x150.jpg\" class=\"attachment-thumbnail size-thumbnail\" alt=\"\" aria-describedby=\"gallery-1-444\" \/><\/a>\n\t\t\t<\/div>\n\t\t\t\t<figcaption class='wp-caption-text gallery-caption' id='gallery-1-444'>\n\t\t\t\tEin spannender und toller Vortrag f\u00fcr die etwa 30 Besucher in der Turnhalle des Meinhardinums.\n\t\t\t\t<\/figcaption><\/figure><figure class='gallery-item'>\n\t\t\t<div class='gallery-icon landscape'>\n\t\t\t\t<a href='https:\/\/www.bernardia.at\/?attachment_id=445'><img loading=\"lazy\" decoding=\"async\" width=\"150\" height=\"150\" src=\"https:\/\/www.bernardia.at\/wp-content\/uploads\/2013\/03\/2-150x150.jpg\" class=\"attachment-thumbnail size-thumbnail\" alt=\"\" aria-describedby=\"gallery-1-445\" \/><\/a>\n\t\t\t<\/div>\n\t\t\t\t<figcaption class='wp-caption-text gallery-caption' id='gallery-1-445'>\n\t\t\t\tMentale St\u00e4rke, Motivation und Selbstdisziplin &#8211; Die Eckpfeiler des Erfolges.\n\t\t\t\t<\/figcaption><\/figure><figure class='gallery-item'>\n\t\t\t<div class='gallery-icon landscape'>\n\t\t\t\t<a href='https:\/\/www.bernardia.at\/?attachment_id=446'><img loading=\"lazy\" decoding=\"async\" width=\"150\" height=\"150\" src=\"https:\/\/www.bernardia.at\/wp-content\/uploads\/2013\/03\/3-150x150.jpg\" class=\"attachment-thumbnail size-thumbnail\" alt=\"\" aria-describedby=\"gallery-1-446\" \/><\/a>\n\t\t\t<\/div>\n\t\t\t\t<figcaption class='wp-caption-text gallery-caption' id='gallery-1-446'>\n\t\t\t\tKurze Videos w\u00e4hrend dem Vortrag ziehen die Zuseher in den Bann.\n\t\t\t\t<\/figcaption><\/figure><figure class='gallery-item'>\n\t\t\t<div class='gallery-icon landscape'>\n\t\t\t\t<a href='https:\/\/www.bernardia.at\/?attachment_id=447'><img loading=\"lazy\" decoding=\"async\" width=\"150\" height=\"150\" src=\"https:\/\/www.bernardia.at\/wp-content\/uploads\/2013\/03\/4-150x150.jpg\" class=\"attachment-thumbnail size-thumbnail\" alt=\"\" aria-describedby=\"gallery-1-447\" \/><\/a>\n\t\t\t<\/div>\n\t\t\t\t<figcaption class='wp-caption-text gallery-caption' id='gallery-1-447'>\n\t\t\t\tMit dem Rennrad 4.809 km und 58.000 H\u00f6henmeter quer durch 12 Bundesstaaten der USA in 11 Tagen und 16 Stunden waren die Eckdaten von Dr. Wolfgang Maders bisher gr\u00f6\u00dften sportlichen Abenteuers.\n\t\t\t\t<\/figcaption><\/figure><figure class='gallery-item'>\n\t\t\t<div class='gallery-icon portrait'>\n\t\t\t\t<a href='https:\/\/www.bernardia.at\/?attachment_id=448'><img loading=\"lazy\" decoding=\"async\" width=\"150\" height=\"150\" src=\"https:\/\/www.bernardia.at\/wp-content\/uploads\/2013\/03\/5-150x150.jpg\" class=\"attachment-thumbnail size-thumbnail\" alt=\"\" aria-describedby=\"gallery-1-448\" \/><\/a>\n\t\t\t<\/div>\n\t\t\t\t<figcaption class='wp-caption-text gallery-caption' id='gallery-1-448'>\n\t\t\t\tKein Rennhelm \ud83d\ude42\n\t\t\t\t<\/figcaption><\/figure><figure class='gallery-item'>\n\t\t\t<div class='gallery-icon landscape'>\n\t\t\t\t<a href='https:\/\/www.bernardia.at\/?attachment_id=449'><img loading=\"lazy\" decoding=\"async\" width=\"150\" height=\"150\" src=\"https:\/\/www.bernardia.at\/wp-content\/uploads\/2013\/03\/6-150x150.jpg\" class=\"attachment-thumbnail size-thumbnail\" alt=\"\" aria-describedby=\"gallery-1-449\" \/><\/a>\n\t\t\t<\/div>\n\t\t\t\t<figcaption class='wp-caption-text gallery-caption' id='gallery-1-449'>\n\t\t\t\t&#8222;Ich ben\u00f6tigte vom Startschuss bis zur Ziellinie 280 Stunden, davon sa\u00df ich 240 Stunden am Rad, habe 30 Stunden geschlafen und war 10 weitere Stunden nicht am Rad, aber ohne Schlaf&#8220; Dr. Wolfgang Mader \u00fcber den Zeitumfang.\n\t\t\t\t<\/figcaption><\/figure><figure class='gallery-item'>\n\t\t\t<div class='gallery-icon portrait'>\n\t\t\t\t<a href='https:\/\/www.bernardia.at\/?attachment_id=450'><img loading=\"lazy\" decoding=\"async\" width=\"150\" height=\"150\" src=\"https:\/\/www.bernardia.at\/wp-content\/uploads\/2013\/03\/7-150x150.jpg\" class=\"attachment-thumbnail size-thumbnail\" alt=\"\" aria-describedby=\"gallery-1-450\" \/><\/a>\n\t\t\t<\/div>\n\t\t\t\t<figcaption class='wp-caption-text gallery-caption' id='gallery-1-450'>\n\t\t\t\tDas Durchschnittstempo \u00fcber die gesamte Distanz (4.809 km und 58.000 gps gemessene HM) waren exakt 20 km\/h.\n\t\t\t\t<\/figcaption><\/figure><figure class='gallery-item'>\n\t\t\t<div class='gallery-icon landscape'>\n\t\t\t\t<a href='https:\/\/www.bernardia.at\/?attachment_id=451'><img loading=\"lazy\" decoding=\"async\" width=\"150\" height=\"150\" src=\"https:\/\/www.bernardia.at\/wp-content\/uploads\/2013\/03\/8-150x150.jpg\" class=\"attachment-thumbnail size-thumbnail\" alt=\"\" aria-describedby=\"gallery-1-451\" \/><\/a>\n\t\t\t<\/div>\n\t\t\t\t<figcaption class='wp-caption-text gallery-caption' id='gallery-1-451'>\n\t\t\t\tEnde Oktober 2013 nimmt Dr. Wolfgang Mader eventuell beim anerkannt h\u00e4rtesten, schwierigsten und l\u00e4ngsten Mountainbike-Marathonrennen der Welt teil: Der Crocodile Trophy in Australien.\n\t\t\t\t<\/figcaption><\/figure><figure class='gallery-item'>\n\t\t\t<div class='gallery-icon landscape'>\n\t\t\t\t<a href='https:\/\/www.bernardia.at\/?attachment_id=452'><img loading=\"lazy\" decoding=\"async\" width=\"150\" height=\"150\" src=\"https:\/\/www.bernardia.at\/wp-content\/uploads\/2013\/03\/9-150x150.jpg\" class=\"attachment-thumbnail size-thumbnail\" alt=\"\" aria-describedby=\"gallery-1-452\" \/><\/a>\n\t\t\t<\/div>\n\t\t\t\t<figcaption class='wp-caption-text gallery-caption' id='gallery-1-452'>\n\t\t\t\tDer Phil-x Ren\u00e9 Siegele bedankt sich beim Referenten.\n\t\t\t\t<\/figcaption><\/figure><figure class='gallery-item'>\n\t\t\t<div class='gallery-icon landscape'>\n\t\t\t\t<a href='https:\/\/www.bernardia.at\/?attachment_id=453'><img loading=\"lazy\" decoding=\"async\" width=\"150\" height=\"150\" src=\"https:\/\/www.bernardia.at\/wp-content\/uploads\/2013\/03\/10-150x150.jpg\" class=\"attachment-thumbnail size-thumbnail\" alt=\"\" aria-describedby=\"gallery-1-453\" \/><\/a>\n\t\t\t<\/div>\n\t\t\t\t<figcaption class='wp-caption-text gallery-caption' id='gallery-1-453'>\n\t\t\t\tPhil-x Ren\u00e9 Siegele, Race across America Bezwinger Wolfgang Mader, der Direktor des Meinhardinums Georg Jud und der Senior Bernardiae Georg Komarevcev.\n\t\t\t\t<\/figcaption><\/figure><figure class='gallery-item'>\n\t\t\t<div class='gallery-icon landscape'>\n\t\t\t\t<a href='https:\/\/www.bernardia.at\/?attachment_id=454'><img loading=\"lazy\" decoding=\"async\" width=\"150\" height=\"150\" src=\"https:\/\/www.bernardia.at\/wp-content\/uploads\/2013\/03\/11-150x150.jpg\" class=\"attachment-thumbnail size-thumbnail\" alt=\"\" aria-describedby=\"gallery-1-454\" \/><\/a>\n\t\t\t<\/div>\n\t\t\t\t<figcaption class='wp-caption-text gallery-caption' id='gallery-1-454'>\n\t\t\t\tMatthias Mader und Mario Aste nach dem Vortrag.\n\t\t\t\t<\/figcaption><\/figure><figure class='gallery-item'>\n\t\t\t<div class='gallery-icon landscape'>\n\t\t\t\t<a href='https:\/\/www.bernardia.at\/?attachment_id=455'><img loading=\"lazy\" decoding=\"async\" width=\"150\" height=\"150\" src=\"https:\/\/www.bernardia.at\/wp-content\/uploads\/2013\/03\/12-150x150.jpg\" class=\"attachment-thumbnail size-thumbnail\" alt=\"\" aria-describedby=\"gallery-1-455\" \/><\/a>\n\t\t\t<\/div>\n\t\t\t\t<figcaption class='wp-caption-text gallery-caption' id='gallery-1-455'>\n\t\t\t\tBeim anschlie\u00dfenden W\u00fcrstelb\u00fcffet wurde der Vortrag eifrig diskutiert.\n\t\t\t\t<\/figcaption><\/figure><figure class='gallery-item'>\n\t\t\t<div class='gallery-icon landscape'>\n\t\t\t\t<a href='https:\/\/www.bernardia.at\/?attachment_id=477'><img loading=\"lazy\" decoding=\"async\" width=\"150\" height=\"150\" src=\"https:\/\/www.bernardia.at\/wp-content\/uploads\/2013\/05\/Hawaii-Kneipe-2013_FB_01-150x150.jpg\" class=\"attachment-thumbnail size-thumbnail\" alt=\"\" aria-describedby=\"gallery-1-477\" \/><\/a>\n\t\t\t<\/div>\n\t\t\t\t<figcaption class='wp-caption-text gallery-caption' id='gallery-1-477'>\n\t\t\t\tDas tolle Wetter lie\u00df die Vorfreude auf die Urlaubs-Feeling-vermittelnde Kneipe entsprechend gro\u00df ausfallen.\n\t\t\t\t<\/figcaption><\/figure><figure class='gallery-item'>\n\t\t\t<div class='gallery-icon landscape'>\n\t\t\t\t<a href='https:\/\/www.bernardia.at\/?attachment_id=478'><img loading=\"lazy\" decoding=\"async\" width=\"150\" height=\"150\" src=\"https:\/\/www.bernardia.at\/wp-content\/uploads\/2013\/05\/Hawaii-Kneipe-2013_FB_02-150x150.jpg\" class=\"attachment-thumbnail size-thumbnail\" alt=\"\" aria-describedby=\"gallery-1-478\" \/><\/a>\n\t\t\t<\/div>\n\t\t\t\t<figcaption class='wp-caption-text gallery-caption' id='gallery-1-478'>\n\t\t\t\t Unseren G\u00e4sten verdanken wir diesen tollen Eintrag in unserem Budenbuch.\n\t\t\t\t<\/figcaption><\/figure><figure class='gallery-item'>\n\t\t\t<div class='gallery-icon portrait'>\n\t\t\t\t<a href='https:\/\/www.bernardia.at\/?attachment_id=479'><img loading=\"lazy\" decoding=\"async\" width=\"150\" height=\"150\" src=\"https:\/\/www.bernardia.at\/wp-content\/uploads\/2013\/05\/Hawaii-Kneipe-2013_FB_03-150x150.jpg\" class=\"attachment-thumbnail size-thumbnail\" alt=\"\" aria-describedby=\"gallery-1-479\" \/><\/a>\n\t\t\t<\/div>\n\t\t\t\t<figcaption class='wp-caption-text gallery-caption' id='gallery-1-479'>\n\t\t\t\tProfi-Cocktail-Mixer Lukas Auer v\/o Brutus&#8230;\n\t\t\t\t<\/figcaption><\/figure><figure class='gallery-item'>\n\t\t\t<div class='gallery-icon landscape'>\n\t\t\t\t<a href='https:\/\/www.bernardia.at\/?attachment_id=480'><img loading=\"lazy\" decoding=\"async\" width=\"150\" height=\"150\" src=\"https:\/\/www.bernardia.at\/wp-content\/uploads\/2013\/05\/Hawaii-Kneipe-2013_FB_04-150x150.jpg\" class=\"attachment-thumbnail size-thumbnail\" alt=\"\" aria-describedby=\"gallery-1-480\" \/><\/a>\n\t\t\t<\/div>\n\t\t\t\t<figcaption class='wp-caption-text gallery-caption' id='gallery-1-480'>\n\t\t\t\t&#8230; zauberte alkoholfreie und alkoholische Cocktails.\n\t\t\t\t<\/figcaption><\/figure><figure class='gallery-item'>\n\t\t\t<div class='gallery-icon landscape'>\n\t\t\t\t<a href='https:\/\/www.bernardia.at\/?attachment_id=481'><img loading=\"lazy\" decoding=\"async\" width=\"150\" height=\"150\" src=\"https:\/\/www.bernardia.at\/wp-content\/uploads\/2013\/05\/Hawaii-Kneipe-2013_FB_05-150x150.jpg\" class=\"attachment-thumbnail size-thumbnail\" alt=\"\" aria-describedby=\"gallery-1-481\" \/><\/a>\n\t\t\t<\/div>\n\t\t\t\t<figcaption class='wp-caption-text gallery-caption' id='gallery-1-481'>\n\t\t\t\tDie Altherrenschaft und Fuchsmajor Raphael Karlinger v\/o Diabolo unterhalten sich mit den G\u00e4sten und informieren \u00fcber die Bernardia.\n\t\t\t\t<\/figcaption><\/figure><figure class='gallery-item'>\n\t\t\t<div class='gallery-icon landscape'>\n\t\t\t\t<a href='https:\/\/www.bernardia.at\/?attachment_id=482'><img loading=\"lazy\" decoding=\"async\" width=\"150\" height=\"150\" src=\"https:\/\/www.bernardia.at\/wp-content\/uploads\/2013\/05\/Hawaii-Kneipe-2013_FB_06-150x150.jpg\" class=\"attachment-thumbnail size-thumbnail\" alt=\"\" aria-describedby=\"gallery-1-482\" \/><\/a>\n\t\t\t<\/div>\n\t\t\t\t<figcaption class='wp-caption-text gallery-caption' id='gallery-1-482'>\n\t\t\t\t Hobby-Cocktail-Mixer und Philistersenior Ren\u00e9 Siegele v\/o Moebius und Senior Georgiy Komarevcev v\/o Dimitri wagen sich ebenfalls hinter die Bar.\n\t\t\t\t<\/figcaption><\/figure><figure class='gallery-item'>\n\t\t\t<div class='gallery-icon landscape'>\n\t\t\t\t<a href='https:\/\/www.bernardia.at\/?attachment_id=483'><img loading=\"lazy\" decoding=\"async\" width=\"150\" height=\"150\" src=\"https:\/\/www.bernardia.at\/wp-content\/uploads\/2013\/05\/Hawaii-Kneipe-2013_FB_07-150x150.jpg\" class=\"attachment-thumbnail size-thumbnail\" alt=\"\" aria-describedby=\"gallery-1-483\" \/><\/a>\n\t\t\t<\/div>\n\t\t\t\t<figcaption class='wp-caption-text gallery-caption' id='gallery-1-483'>\n\t\t\t\t Hawaii-Kneipe incipit &#8211; es steige das erste Allgemeine.\n\t\t\t\t<\/figcaption><\/figure><figure class='gallery-item'>\n\t\t\t<div class='gallery-icon landscape'>\n\t\t\t\t<a href='https:\/\/www.bernardia.at\/?attachment_id=472'><img loading=\"lazy\" decoding=\"async\" width=\"150\" height=\"150\" src=\"https:\/\/www.bernardia.at\/wp-content\/uploads\/2013\/05\/Hawaii-Kneipe-2013_FB_08-150x150.jpg\" class=\"attachment-thumbnail size-thumbnail\" alt=\"\" aria-describedby=\"gallery-1-472\" \/><\/a>\n\t\t\t<\/div>\n\t\t\t\t<figcaption class='wp-caption-text gallery-caption' id='gallery-1-472'>\n\t\t\t\t Im Colloquium sollte man nicht nur \u00e4u\u00dferst gut auf seinen Schl\u00e4ger aufpassen, man sollte ihn auch keinesfalls freiwillig aus der Hand geben &#8211; wie Consenior Peter Stroppa v\/o Pumba feststellen musste.\n\t\t\t\t<\/figcaption><\/figure><figure class='gallery-item'>\n\t\t\t<div class='gallery-icon landscape'>\n\t\t\t\t<a href='https:\/\/www.bernardia.at\/?attachment_id=473'><img loading=\"lazy\" decoding=\"async\" width=\"150\" height=\"150\" src=\"https:\/\/www.bernardia.at\/wp-content\/uploads\/2013\/05\/Hawaii-Kneipe-2013_FB_09-150x150.jpg\" class=\"attachment-thumbnail size-thumbnail\" alt=\"\" aria-describedby=\"gallery-1-473\" \/><\/a>\n\t\t\t<\/div>\n\t\t\t\t<figcaption class='wp-caption-text gallery-caption' id='gallery-1-473'>\n\t\t\t\tUnd so sieht es aus, wenn man sich nicht an die &#8211; selbst festgelegten &#8211; Verhaltensregeln der Hawaii-Kneipe h\u00e4lt.\n\t\t\t\t<\/figcaption><\/figure><figure class='gallery-item'>\n\t\t\t<div class='gallery-icon portrait'>\n\t\t\t\t<a href='https:\/\/www.bernardia.at\/?attachment_id=474'><img loading=\"lazy\" decoding=\"async\" width=\"150\" height=\"150\" src=\"https:\/\/www.bernardia.at\/wp-content\/uploads\/2013\/05\/Hawaii-Kneipe-2013_FB_10-150x150.jpg\" class=\"attachment-thumbnail size-thumbnail\" alt=\"\" aria-describedby=\"gallery-1-474\" \/><\/a>\n\t\t\t<\/div>\n\t\t\t\t<figcaption class='wp-caption-text gallery-caption' id='gallery-1-474'>\n\t\t\t\tZum Wohl&#8230;\n\t\t\t\t<\/figcaption><\/figure><figure class='gallery-item'>\n\t\t\t<div class='gallery-icon landscape'>\n\t\t\t\t<a href='https:\/\/www.bernardia.at\/?attachment_id=475'><img loading=\"lazy\" decoding=\"async\" width=\"150\" height=\"150\" src=\"https:\/\/www.bernardia.at\/wp-content\/uploads\/2013\/05\/Hawaii-Kneipe-2013_FB_11-150x150.jpg\" class=\"attachment-thumbnail size-thumbnail\" alt=\"\" aria-describedby=\"gallery-1-475\" \/><\/a>\n\t\t\t<\/div>\n\t\t\t\t<figcaption class='wp-caption-text gallery-caption' id='gallery-1-475'>\n\t\t\t\tVor dem letzten Allgemeinen wird den G\u00e4sten noch ein &#8222;Alter Comment&#8220; vorgef\u00fchrt.\n\t\t\t\t<\/figcaption><\/figure><figure class='gallery-item'>\n\t\t\t<div class='gallery-icon landscape'>\n\t\t\t\t<a href='https:\/\/www.bernardia.at\/?attachment_id=476'><img loading=\"lazy\" decoding=\"async\" width=\"150\" height=\"150\" src=\"https:\/\/www.bernardia.at\/wp-content\/uploads\/2013\/05\/Hawaii-Kneipe-2013_FB_12-150x150.jpg\" class=\"attachment-thumbnail size-thumbnail\" alt=\"\" aria-describedby=\"gallery-1-476\" \/><\/a>\n\t\t\t<\/div>\n\t\t\t\t<figcaption class='wp-caption-text gallery-caption' id='gallery-1-476'>\n\t\t\t\tHawaii-Kneipe ex &#8211; meinen Ehrenrest der Corona!\n\t\t\t\t<\/figcaption><\/figure><figure class='gallery-item'>\n\t\t\t<div class='gallery-icon landscape'>\n\t\t\t\t<a href='https:\/\/www.bernardia.at\/?attachment_id=501'><img loading=\"lazy\" decoding=\"async\" width=\"150\" height=\"150\" src=\"https:\/\/www.bernardia.at\/wp-content\/uploads\/2013\/05\/2013-05-1-21.45.22-150x150.jpg\" class=\"attachment-thumbnail size-thumbnail\" alt=\"\" aria-describedby=\"gallery-1-501\" \/><\/a>\n\t\t\t<\/div>\n\t\t\t\t<figcaption class='wp-caption-text gallery-caption' id='gallery-1-501'>\n\t\t\t\tSpontan fanden sich am Samstag Abend 11 Bernarden auf der Bude der Allemania Innsbruck ein und genossen eine tolle Freiluftkneipe der K\u00f6l Ostaricia.\n\t\t\t\t<\/figcaption><\/figure><figure class='gallery-item'>\n\t\t\t<div class='gallery-icon landscape'>\n\t\t\t\t<a href='https:\/\/www.bernardia.at\/?attachment_id=502'><img loading=\"lazy\" decoding=\"async\" width=\"150\" height=\"150\" src=\"https:\/\/www.bernardia.at\/wp-content\/uploads\/2013\/05\/2013-05-19-18.45.22-150x150.jpg\" class=\"attachment-thumbnail size-thumbnail\" alt=\"\" aria-describedby=\"gallery-1-502\" \/><\/a>\n\t\t\t<\/div>\n\t\t\t\t<figcaption class='wp-caption-text gallery-caption' id='gallery-1-502'>\n\t\t\t\tGest\u00e4rkt und gut verk\u00f6stigt dank Bundesbruder Cerevisia machen sich die Bernarden auf den Weg zum Kartellfestkommers!\n\t\t\t\t<\/figcaption><\/figure><figure class='gallery-item'>\n\t\t\t<div class='gallery-icon landscape'>\n\t\t\t\t<a href='https:\/\/www.bernardia.at\/?attachment_id=503'><img loading=\"lazy\" decoding=\"async\" width=\"150\" height=\"150\" src=\"https:\/\/www.bernardia.at\/wp-content\/uploads\/2013\/05\/2013-05-19-20.02.26-150x150.jpg\" class=\"attachment-thumbnail size-thumbnail\" alt=\"\" aria-describedby=\"gallery-1-503\" \/><\/a>\n\t\t\t<\/div>\n\t\t\t\t<figcaption class='wp-caption-text gallery-caption' id='gallery-1-503'>\n\t\t\t\tDie Bernardia beim Einzug in die Messehalle.\n\t\t\t\t<\/figcaption><\/figure><figure class='gallery-item'>\n\t\t\t<div class='gallery-icon landscape'>\n\t\t\t\t<a href='https:\/\/www.bernardia.at\/?attachment_id=504'><img loading=\"lazy\" decoding=\"async\" width=\"150\" height=\"150\" src=\"https:\/\/www.bernardia.at\/wp-content\/uploads\/2013\/05\/2013-05-19-20.38.54-150x150.jpg\" class=\"attachment-thumbnail size-thumbnail\" alt=\"\" aria-describedby=\"gallery-1-504\" \/><\/a>\n\t\t\t<\/div>\n\t\t\t\t<figcaption class='wp-caption-text gallery-caption' id='gallery-1-504'>\n\t\t\t\tDie Bernarden mit ihrem Verbindungsseelsorger Abt des Stiftes Stams HR Mag. German Erd v\/o Dr.cer. Gerd.\n\t\t\t\t<\/figcaption><\/figure><figure class='gallery-item'>\n\t\t\t<div class='gallery-icon landscape'>\n\t\t\t\t<a href='https:\/\/www.bernardia.at\/?attachment_id=524'><img loading=\"lazy\" decoding=\"async\" width=\"150\" height=\"150\" src=\"https:\/\/www.bernardia.at\/wp-content\/uploads\/2013\/06\/Stiftungsfest_2013_FB_1-150x150.jpg\" class=\"attachment-thumbnail size-thumbnail\" alt=\"\" aria-describedby=\"gallery-1-524\" \/><\/a>\n\t\t\t<\/div>\n\t\t\t\t<figcaption class='wp-caption-text gallery-caption' id='gallery-1-524'>\n\t\t\t\tDas Pr\u00e4sidium unter der Leitung von Senior Georg Komarevzev v\/o Dimitri, welcher seinen ersten Kommers ruhig und gelassen durchf\u00fchrte.\n\t\t\t\t<\/figcaption><\/figure><figure class='gallery-item'>\n\t\t\t<div class='gallery-icon landscape'>\n\t\t\t\t<a href='https:\/\/www.bernardia.at\/?attachment_id=525'><img loading=\"lazy\" decoding=\"async\" width=\"150\" height=\"150\" src=\"https:\/\/www.bernardia.at\/wp-content\/uploads\/2013\/06\/Stiftungsfest_2013_FB_2-150x150.jpg\" class=\"attachment-thumbnail size-thumbnail\" alt=\"\" aria-describedby=\"gallery-1-525\" \/><\/a>\n\t\t\t<\/div>\n\t\t\t\t<figcaption class='wp-caption-text gallery-caption' id='gallery-1-525'>\n\t\t\t\tEin kleiner Teil der Corona.\n\t\t\t\t<\/figcaption><\/figure><figure class='gallery-item'>\n\t\t\t<div class='gallery-icon landscape'>\n\t\t\t\t<a href='https:\/\/www.bernardia.at\/?attachment_id=526'><img loading=\"lazy\" decoding=\"async\" width=\"150\" height=\"150\" src=\"https:\/\/www.bernardia.at\/wp-content\/uploads\/2013\/06\/Stiftungsfest_2013_FB_3-150x150.jpg\" class=\"attachment-thumbnail size-thumbnail\" alt=\"\" aria-describedby=\"gallery-1-526\" \/><\/a>\n\t\t\t<\/div>\n\t\t\t\t<figcaption class='wp-caption-text gallery-caption' id='gallery-1-526'>\n\t\t\t\tSchulerhalter und Verbindungsseelsorger Abt HR Mag. German Erd v\/o Dr.cer. Gerd, Direktor des Meinhardinums OStR MMag. Georg Jud und langj\u00e4hriger Administrator und Pater Bernardiae Novae OStR Prof i.R. Mag. Karl Palfrader v\/o Dr.cer. Banquo.\n\t\t\t\t<\/figcaption><\/figure><figure class='gallery-item'>\n\t\t\t<div class='gallery-icon landscape'>\n\t\t\t\t<a href='https:\/\/www.bernardia.at\/?attachment_id=527'><img loading=\"lazy\" decoding=\"async\" width=\"150\" height=\"150\" src=\"https:\/\/www.bernardia.at\/wp-content\/uploads\/2013\/06\/Stiftungsfest_2013_FB_4-150x150.jpg\" class=\"attachment-thumbnail size-thumbnail\" alt=\"\" aria-describedby=\"gallery-1-527\" \/><\/a>\n\t\t\t<\/div>\n\t\t\t\t<figcaption class='wp-caption-text gallery-caption' id='gallery-1-527'>\n\t\t\t\tEin Blick auf die versammelte Fest-Corona.\n\t\t\t\t<\/figcaption><\/figure><figure class='gallery-item'>\n\t\t\t<div class='gallery-icon portrait'>\n\t\t\t\t<a href='https:\/\/www.bernardia.at\/?attachment_id=528'><img loading=\"lazy\" decoding=\"async\" width=\"150\" height=\"150\" src=\"https:\/\/www.bernardia.at\/wp-content\/uploads\/2013\/06\/Stiftungsfest_2013_FB_5-150x150.jpg\" class=\"attachment-thumbnail size-thumbnail\" alt=\"\" aria-describedby=\"gallery-1-528\" \/><\/a>\n\t\t\t<\/div>\n\t\t\t\t<figcaption class='wp-caption-text gallery-caption' id='gallery-1-528'>\n\t\t\t\tFestredner Consenior Peter Stroppa v\/o Pumba, welcher in seiner von pers\u00f6nlichen Erinnerungen und Highlights der Verbindungszeit gepr\u00e4gten Rede M\u00f6glichkeiten und Vorschl\u00e4ge aufzeigte, wie man Sch\u00fclern und jungen Aktiven die Bernardia wieder &#8222;schmackhaft&#8220; machen kann.\n\t\t\t\t<\/figcaption><\/figure><figure class='gallery-item'>\n\t\t\t<div class='gallery-icon portrait'>\n\t\t\t\t<a href='https:\/\/www.bernardia.at\/?attachment_id=529'><img loading=\"lazy\" decoding=\"async\" width=\"150\" height=\"150\" src=\"https:\/\/www.bernardia.at\/wp-content\/uploads\/2013\/06\/Stiftungsfest_2013_FB_6-150x150.jpg\" class=\"attachment-thumbnail size-thumbnail\" alt=\"\" aria-describedby=\"gallery-1-529\" \/><\/a>\n\t\t\t<\/div>\n\t\t\t\t<figcaption class='wp-caption-text gallery-caption' id='gallery-1-529'>\n\t\t\t\tLandesphilistersenior Prof. MMag. Peter Leitl v\/o Herodot brachte Gru\u00dfworte des Dachverbandes und der Raeto-Romania dar.\n\t\t\t\t<\/figcaption><\/figure>\n\t\t<\/div>\n\n","protected":false},"excerpt":{"rendered":"","protected":false},"author":3,"featured_media":0,"parent":24,"menu_order":0,"comment_status":"closed","ping_status":"open","template":"","meta":{"_EventAllDay":false,"_EventTimezone":"","_EventStartDate":"","_EventEndDate":"","_EventStartDateUTC":"","_EventEndDateUTC":"","_EventShowMap":false,"_EventShowMapLink":false,"_EventURL":"","_EventCost":"","_EventCostDescription":"","_EventCurrencySymbol":"","_EventCurrencyCode":"","_EventCurrencyPosition":"","_EventDateTimeSeparator":"","_EventTimeRangeSeparator":"","_EventOrganizerID":[],"_EventVenueID":[],"_OrganizerEmail":"","_OrganizerPhone":"","_OrganizerWebsite":"","_VenueAddress":"","_VenueCity":"","_VenueCountry":"","_VenueProvince":"","_VenueState":"","_VenueZip":"","_VenuePhone":"","_VenueURL":"","_VenueStateProvince":"","_VenueLat":"","_VenueLng":"","_VenueShowMap":false,"_VenueShowMapLink":false,"footnotes":""},"class_list":["post-878","page","type-page","status-publish","hentry"],"_links":{"self":[{"href":"https:\/\/www.bernardia.at\/index.php?rest_route=\/wp\/v2\/pages\/878"}],"collection":[{"href":"https:\/\/www.bernardia.at\/index.php?rest_route=\/wp\/v2\/pages"}],"about":[{"href":"https:\/\/www.bernardia.at\/index.php?rest_route=\/wp\/v2\/types\/page"}],"author":[{"embeddable":true,"href":"https:\/\/www.bernardia.at\/index.php?rest_route=\/wp\/v2\/users\/3"}],"replies":[{"embeddable":true,"href":"https:\/\/www.bernardia.at\/index.php?rest_route=%2Fwp%2Fv2%2Fcomments&post=878"}],"version-history":[{"count":3,"href":"https:\/\/www.bernardia.at\/index.php?rest_route=\/wp\/v2\/pages\/878\/revisions"}],"predecessor-version":[{"id":887,"href":"https:\/\/www.bernardia.at\/index.php?rest_route=\/wp\/v2\/pages\/878\/revisions\/887"}],"up":[{"embeddable":true,"href":"https:\/\/www.bernardia.at\/index.php?rest_route=\/wp\/v2\/pages\/24"}],"wp:attachment":[{"href":"https:\/\/www.bernardia.at\/index.php?rest_route=%2Fwp%2Fv2%2Fmedia&parent=878"}],"curies":[{"name":"wp","href":"https:\/\/api.w.org\/{rel}","templated":true}]}}